{"id":1244,"date":"2024-07-09T11:29:12","date_gmt":"2024-07-09T11:29:12","guid":{"rendered":"https:\/\/lardoidosodealpinopolis.org.br\/?page_id=1244"},"modified":"2024-09-07T15:41:22","modified_gmt":"2024-09-07T15:41:22","slug":"como-ajudar","status":"publish","type":"page","link":"https:\/\/lardoidosodealpinopolis.org.br\/index.php\/como-ajudar\/","title":{"rendered":"Como Ajudar"},"content":{"rendered":"\t\t<div data-elementor-type=\"wp-page\" data-elementor-id=\"1244\" class=\"elementor elementor-1244\">\n\t\t\t\t<div class=\"elementor-element elementor-element-6d4fd6a e-flex e-con-boxed e-con e-parent\" data-id=\"6d4fd6a\" data-element_type=\"container\">\n\t\t\t\t\t<div class=\"e-con-inner\">\n\t\t\t\t<div class=\"elementor-element elementor-element-c07a794 elementor-widget elementor-widget-heading\" data-id=\"c07a794\" data-element_type=\"widget\" data-widget_type=\"heading.default\">\n\t\t\t\t<div class=\"elementor-widget-container\">\n\t\t\t<style>\/*! elementor - v3.23.0 - 05-08-2024 *\/\n.elementor-heading-title{padding:0;margin:0;line-height:1}.elementor-widget-heading .elementor-heading-title[class*=elementor-size-]>a{color:inherit;font-size:inherit;line-height:inherit}.elementor-widget-heading .elementor-heading-title.elementor-size-small{font-size:15px}.elementor-widget-heading .elementor-heading-title.elementor-size-medium{font-size:19px}.elementor-widget-heading .elementor-heading-title.elementor-size-large{font-size:29px}.elementor-widget-heading .elementor-heading-title.elementor-size-xl{font-size:39px}.elementor-widget-heading .elementor-heading-title.elementor-size-xxl{font-size:59px}<\/style><h2 class=\"elementor-heading-title elementor-size-default\">Doa\u00e7\u00f5es<\/h2>\t\t<\/div>\n\t\t\t\t<\/div>\n\t\t\t\t<div class=\"elementor-element elementor-element-41753fd elementor-widget elementor-widget-text-editor\" data-id=\"41753fd\" data-element_type=\"widget\" data-widget_type=\"text-editor.default\">\n\t\t\t\t<div class=\"elementor-widget-container\">\n\t\t\t<style>\/*! elementor - v3.23.0 - 05-08-2024 *\/\n.elementor-widget-text-editor.elementor-drop-cap-view-stacked .elementor-drop-cap{background-color:#69727d;color:#fff}.elementor-widget-text-editor.elementor-drop-cap-view-framed .elementor-drop-cap{color:#69727d;border:3px solid;background-color:transparent}.elementor-widget-text-editor:not(.elementor-drop-cap-view-default) .elementor-drop-cap{margin-top:8px}.elementor-widget-text-editor:not(.elementor-drop-cap-view-default) .elementor-drop-cap-letter{width:1em;height:1em}.elementor-widget-text-editor .elementor-drop-cap{float:left;text-align:center;line-height:1;font-size:50px}.elementor-widget-text-editor .elementor-drop-cap-letter{display:inline-block}<\/style>\t\t\t\t<p>Contribua com o <strong>Lar do Idoso de Alpin\u00f3polis<\/strong> e fa\u00e7a a diferen\u00e7a na vida dos nossos idosos. Aceitamos doa\u00e7\u00f5es de alimentos, roupas, materiais de higiene, e contribui\u00e7\u00f5es financeiras. Toda ajuda \u00e9 fundamental para manter a qualidade dos servi\u00e7os oferecidos.<\/p>\t\t\t\t\t\t<\/div>\n\t\t\t\t<\/div>\n\t\t\t\t\t<\/div>\n\t\t\t\t<\/div>\n\t\t<div class=\"elementor-element elementor-element-5e366fb e-flex e-con-boxed e-con e-parent\" data-id=\"5e366fb\" data-element_type=\"container\">\n\t\t\t\t\t<div class=\"e-con-inner\">\n\t\t\t\t<div class=\"elementor-element elementor-element-1730d4a elementor-widget elementor-widget-heading\" data-id=\"1730d4a\" data-element_type=\"widget\" data-widget_type=\"heading.default\">\n\t\t\t\t<div class=\"elementor-widget-container\">\n\t\t\t<h2 class=\"elementor-heading-title elementor-size-default\">Voluntariado<\/h2>\t\t<\/div>\n\t\t\t\t<\/div>\n\t\t\t\t<div class=\"elementor-element elementor-element-1cc944a elementor-widget elementor-widget-text-editor\" data-id=\"1cc944a\" data-element_type=\"widget\" data-widget_type=\"text-editor.default\">\n\t\t\t\t<div class=\"elementor-widget-container\">\n\t\t\t\t\t\t\t<p>Seja um volunt\u00e1rio e fa\u00e7a parte da nossa miss\u00e3o de cuidar e promover o bem-estar dos idosos. O trabalho volunt\u00e1rio \u00e9 essencial para a institui\u00e7\u00e3o, e h\u00e1 diversas maneiras de contribuir com seu tempo e habilidades.<\/p>\t\t\t\t\t\t<\/div>\n\t\t\t\t<\/div>\n\t\t\t\t\t<\/div>\n\t\t\t\t<\/div>\n\t\t<div class=\"elementor-element elementor-element-ef5b9ca e-flex e-con-boxed e-con e-parent\" data-id=\"ef5b9ca\" data-element_type=\"container\">\n\t\t\t\t\t<div class=\"e-con-inner\">\n\t\t\t\t\t<\/div>\n\t\t\t\t<\/div>\n\t\t\t\t<\/div>\n\t\t","protected":false},"excerpt":{"rendered":"<p>Doa\u00e7\u00f5es Contribua com o Lar do Idoso de Alpin\u00f3polis e fa\u00e7a a diferen\u00e7a na vida dos nossos idosos. Aceitamos doa\u00e7\u00f5es de alimentos, roupas, materiais de higiene, e contribui\u00e7\u00f5es financeiras. Toda ajuda \u00e9 fundamental para manter a qualidade dos servi\u00e7os oferecidos. Voluntariado Seja um volunt\u00e1rio e fa\u00e7a parte da nossa miss\u00e3o de cuidar e promover o [&hellip;]<\/p>\n","protected":false},"author":1,"featured_media":0,"parent":0,"menu_order":0,"comment_status":"closed","ping_status":"closed","template":"","meta":{"_acf_changed":false,"footnotes":""},"class_list":["post-1244","page","type-page","status-publish","hentry"],"acf":[],"_links":{"self":[{"href":"https:\/\/lardoidosodealpinopolis.org.br\/index.php\/wp-json\/wp\/v2\/pages\/1244","targetHints":{"allow":["GET"]}}],"collection":[{"href":"https:\/\/lardoidosodealpinopolis.org.br\/index.php\/wp-json\/wp\/v2\/pages"}],"about":[{"href":"https:\/\/lardoidosodealpinopolis.org.br\/index.php\/wp-json\/wp\/v2\/types\/page"}],"author":[{"embeddable":true,"href":"https:\/\/lardoidosodealpinopolis.org.br\/index.php\/wp-json\/wp\/v2\/users\/1"}],"replies":[{"embeddable":true,"href":"https:\/\/lardoidosodealpinopolis.org.br\/index.php\/wp-json\/wp\/v2\/comments?post=1244"}],"version-history":[{"count":11,"href":"https:\/\/lardoidosodealpinopolis.org.br\/index.php\/wp-json\/wp\/v2\/pages\/1244\/revisions"}],"predecessor-version":[{"id":1402,"href":"https:\/\/lardoidosodealpinopolis.org.br\/index.php\/wp-json\/wp\/v2\/pages\/1244\/revisions\/1402"}],"wp:attachment":[{"href":"https:\/\/lardoidosodealpinopolis.org.br\/index.php\/wp-json\/wp\/v2\/media?parent=1244"}],"curies":[{"name":"wp","href":"https:\/\/api.w.org\/{rel}","templated":true}]}}