{"id":705,"date":"2020-07-03T09:19:16","date_gmt":"2020-07-03T09:19:16","guid":{"rendered":"https:\/\/gridvalley.net\/wp\/industroz\/dummy\/home-copy\/"},"modified":"2024-09-07T15:14:54","modified_gmt":"2024-09-07T15:14:54","slug":"home","status":"publish","type":"page","link":"https:\/\/lardoidosodealpinopolis.org.br\/","title":{"rendered":"Home"},"content":{"rendered":"\t\t<div data-elementor-type=\"wp-page\" data-elementor-id=\"705\" class=\"elementor elementor-705\">\n\t\t\t\t\t\t<section class=\"elementor-section elementor-top-section elementor-element elementor-element-ec9b6e1 elementor-section-boxed elementor-section-height-default elementor-section-height-default\" data-id=\"ec9b6e1\" data-element_type=\"section\" data-settings=\"{&quot;background_background&quot;:&quot;classic&quot;}\">\n\t\t\t\t\t\t\t<div class=\"elementor-background-overlay\"><\/div>\n\t\t\t\t\t\t\t<div class=\"elementor-container elementor-column-gap-default\">\n\t\t\t\t\t<div class=\"elementor-column elementor-col-100 elementor-top-column elementor-element elementor-element-8a588f4\" data-id=\"8a588f4\" data-element_type=\"column\">\n\t\t\t<div class=\"elementor-widget-wrap elementor-element-populated\">\n\t\t\t\t\t\t\t<\/div>\n\t\t<\/div>\n\t\t\t\t\t<\/div>\n\t\t<\/section>\n\t\t<div class=\"elementor-element elementor-element-56c9c89 e-flex e-con-boxed e-con e-parent\" data-id=\"56c9c89\" data-element_type=\"container\">\n\t\t\t\t\t<div class=\"e-con-inner\">\n\t\t<div class=\"elementor-element elementor-element-8eec245 e-con-full e-flex e-con e-child\" data-id=\"8eec245\" data-element_type=\"container\">\n\t\t\t\t<div class=\"elementor-element elementor-element-837472a elementor-widget elementor-widget-heading\" data-id=\"837472a\" data-element_type=\"widget\" data-widget_type=\"heading.default\">\n\t\t\t\t<div class=\"elementor-widget-container\">\n\t\t\t<style>\/*! elementor - v3.23.0 - 05-08-2024 *\/\n.elementor-heading-title{padding:0;margin:0;line-height:1}.elementor-widget-heading .elementor-heading-title[class*=elementor-size-]>a{color:inherit;font-size:inherit;line-height:inherit}.elementor-widget-heading .elementor-heading-title.elementor-size-small{font-size:15px}.elementor-widget-heading .elementor-heading-title.elementor-size-medium{font-size:19px}.elementor-widget-heading .elementor-heading-title.elementor-size-large{font-size:29px}.elementor-widget-heading .elementor-heading-title.elementor-size-xl{font-size:39px}.elementor-widget-heading .elementor-heading-title.elementor-size-xxl{font-size:59px}<\/style><h2 class=\"elementor-heading-title elementor-size-default\">Quem Somos<\/h2>\t\t<\/div>\n\t\t\t\t<\/div>\n\t\t\t\t<div class=\"elementor-element elementor-element-df564ba elementor-widget elementor-widget-text-editor\" data-id=\"df564ba\" data-element_type=\"widget\" data-widget_type=\"text-editor.default\">\n\t\t\t\t<div class=\"elementor-widget-container\">\n\t\t\t<style>\/*! elementor - v3.23.0 - 05-08-2024 *\/\n.elementor-widget-text-editor.elementor-drop-cap-view-stacked .elementor-drop-cap{background-color:#69727d;color:#fff}.elementor-widget-text-editor.elementor-drop-cap-view-framed .elementor-drop-cap{color:#69727d;border:3px solid;background-color:transparent}.elementor-widget-text-editor:not(.elementor-drop-cap-view-default) .elementor-drop-cap{margin-top:8px}.elementor-widget-text-editor:not(.elementor-drop-cap-view-default) .elementor-drop-cap-letter{width:1em;height:1em}.elementor-widget-text-editor .elementor-drop-cap{float:left;text-align:center;line-height:1;font-size:50px}.elementor-widget-text-editor .elementor-drop-cap-letter{display:inline-block}<\/style>\t\t\t\t<p>O <strong>Lar do Idoso C\u00f4nego Ubirajara Cabral<\/strong>, tamb\u00e9m conhecido como Lar do Idoso de Alpin\u00f3polis (LIA), \u00e9 uma institui\u00e7\u00e3o filantr\u00f3pica sem fins lucrativos dedicada ao acolhimento e cuidado de idosos em situa\u00e7\u00e3o de vulnerabilidade.<br \/><br \/>Fundada em 20 de julho de 1957, nossa miss\u00e3o \u00e9 proporcionar um ambiente acolhedor, seguro e digno, promovendo o bem-estar e a qualidade de vida dos residentes.<\/p>\t\t\t\t\t\t<\/div>\n\t\t\t\t<\/div>\n\t\t\t\t<div class=\"elementor-element elementor-element-2b5f727 elementor-arrows-position-inside elementor-widget elementor-widget-image-carousel\" data-id=\"2b5f727\" data-element_type=\"widget\" data-settings=\"{&quot;slides_to_show&quot;:&quot;3&quot;,&quot;navigation&quot;:&quot;arrows&quot;,&quot;autoplay&quot;:&quot;yes&quot;,&quot;pause_on_hover&quot;:&quot;yes&quot;,&quot;pause_on_interaction&quot;:&quot;yes&quot;,&quot;autoplay_speed&quot;:5000,&quot;infinite&quot;:&quot;yes&quot;,&quot;speed&quot;:500}\" data-widget_type=\"image-carousel.default\">\n\t\t\t\t<div class=\"elementor-widget-container\">\n\t\t\t<style>\/*! elementor - v3.23.0 - 05-08-2024 *\/\n.elementor-widget-image-carousel .swiper,.elementor-widget-image-carousel .swiper-container{position:static}.elementor-widget-image-carousel .swiper-container .swiper-slide figure,.elementor-widget-image-carousel .swiper .swiper-slide figure{line-height:inherit}.elementor-widget-image-carousel .swiper-slide{text-align:center}.elementor-image-carousel-wrapper:not(.swiper-container-initialized):not(.swiper-initialized) .swiper-slide{max-width:calc(100% \/ var(--e-image-carousel-slides-to-show, 3))}<\/style>\t\t<div class=\"elementor-image-carousel-wrapper swiper\" dir=\"ltr\">\n\t\t\t<div class=\"elementor-image-carousel swiper-wrapper swiper-image-stretch\" aria-live=\"off\">\n\t\t\t\t\t\t\t\t<div class=\"swiper-slide\" role=\"group\" aria-roledescription=\"slide\" aria-label=\"1 de 8\"><a data-elementor-open-lightbox=\"yes\" data-elementor-lightbox-slideshow=\"2b5f727\" data-elementor-lightbox-title=\"jcf3543\" data-e-action-hash=\"#elementor-action%3Aaction%3Dlightbox%26settings%3DeyJpZCI6MTE3MiwidXJsIjoiaHR0cHM6XC9cL2xhcmRvaWRvc29kZWFscGlub3BvbGlzLm9yZy5iclwvd3AtY29udGVudFwvdXBsb2Fkc1wvMjAyNFwvMDdcL2pjZjM1NDMuanBnIiwic2xpZGVzaG93IjoiMmI1ZjcyNyJ9\" href=\"https:\/\/lardoidosodealpinopolis.org.br\/wp-content\/uploads\/2024\/07\/jcf3543.jpg\"><figure class=\"swiper-slide-inner\"><img decoding=\"async\" class=\"swiper-slide-image\" src=\"https:\/\/lardoidosodealpinopolis.org.br\/wp-content\/uploads\/2024\/07\/jcf3543.jpg\" alt=\"jcf3543\" \/><\/figure><\/a><\/div><div class=\"swiper-slide\" role=\"group\" aria-roledescription=\"slide\" aria-label=\"2 de 8\"><a data-elementor-open-lightbox=\"yes\" data-elementor-lightbox-slideshow=\"2b5f727\" data-elementor-lightbox-title=\"jcf3540\" data-e-action-hash=\"#elementor-action%3Aaction%3Dlightbox%26settings%3DeyJpZCI6MTE3MSwidXJsIjoiaHR0cHM6XC9cL2xhcmRvaWRvc29kZWFscGlub3BvbGlzLm9yZy5iclwvd3AtY29udGVudFwvdXBsb2Fkc1wvMjAyNFwvMDdcL2pjZjM1NDAuanBnIiwic2xpZGVzaG93IjoiMmI1ZjcyNyJ9\" href=\"https:\/\/lardoidosodealpinopolis.org.br\/wp-content\/uploads\/2024\/07\/jcf3540.jpg\"><figure class=\"swiper-slide-inner\"><img decoding=\"async\" class=\"swiper-slide-image\" src=\"https:\/\/lardoidosodealpinopolis.org.br\/wp-content\/uploads\/2024\/07\/jcf3540.jpg\" alt=\"jcf3540\" \/><\/figure><\/a><\/div><div class=\"swiper-slide\" role=\"group\" aria-roledescription=\"slide\" aria-label=\"3 de 8\"><a data-elementor-open-lightbox=\"yes\" data-elementor-lightbox-slideshow=\"2b5f727\" data-elementor-lightbox-title=\"jcf3529\" data-e-action-hash=\"#elementor-action%3Aaction%3Dlightbox%26settings%3DeyJpZCI6MTE3MCwidXJsIjoiaHR0cHM6XC9cL2xhcmRvaWRvc29kZWFscGlub3BvbGlzLm9yZy5iclwvd3AtY29udGVudFwvdXBsb2Fkc1wvMjAyNFwvMDdcL2pjZjM1MjkuanBnIiwic2xpZGVzaG93IjoiMmI1ZjcyNyJ9\" href=\"https:\/\/lardoidosodealpinopolis.org.br\/wp-content\/uploads\/2024\/07\/jcf3529.jpg\"><figure class=\"swiper-slide-inner\"><img decoding=\"async\" class=\"swiper-slide-image\" src=\"https:\/\/lardoidosodealpinopolis.org.br\/wp-content\/uploads\/2024\/07\/jcf3529.jpg\" alt=\"jcf3529\" \/><\/figure><\/a><\/div><div class=\"swiper-slide\" role=\"group\" aria-roledescription=\"slide\" aria-label=\"4 de 8\"><a data-elementor-open-lightbox=\"yes\" data-elementor-lightbox-slideshow=\"2b5f727\" data-elementor-lightbox-title=\"jcf3528\" data-e-action-hash=\"#elementor-action%3Aaction%3Dlightbox%26settings%3DeyJpZCI6MTE2OSwidXJsIjoiaHR0cHM6XC9cL2xhcmRvaWRvc29kZWFscGlub3BvbGlzLm9yZy5iclwvd3AtY29udGVudFwvdXBsb2Fkc1wvMjAyNFwvMDdcL2pjZjM1MjguanBnIiwic2xpZGVzaG93IjoiMmI1ZjcyNyJ9\" href=\"https:\/\/lardoidosodealpinopolis.org.br\/wp-content\/uploads\/2024\/07\/jcf3528.jpg\"><figure class=\"swiper-slide-inner\"><img decoding=\"async\" class=\"swiper-slide-image\" src=\"https:\/\/lardoidosodealpinopolis.org.br\/wp-content\/uploads\/2024\/07\/jcf3528.jpg\" alt=\"jcf3528\" \/><\/figure><\/a><\/div><div class=\"swiper-slide\" role=\"group\" aria-roledescription=\"slide\" aria-label=\"5 de 8\"><a data-elementor-open-lightbox=\"yes\" data-elementor-lightbox-slideshow=\"2b5f727\" data-elementor-lightbox-title=\"jcf3525\" data-e-action-hash=\"#elementor-action%3Aaction%3Dlightbox%26settings%3DeyJpZCI6MTE2OCwidXJsIjoiaHR0cHM6XC9cL2xhcmRvaWRvc29kZWFscGlub3BvbGlzLm9yZy5iclwvd3AtY29udGVudFwvdXBsb2Fkc1wvMjAyNFwvMDdcL2pjZjM1MjUuanBnIiwic2xpZGVzaG93IjoiMmI1ZjcyNyJ9\" href=\"https:\/\/lardoidosodealpinopolis.org.br\/wp-content\/uploads\/2024\/07\/jcf3525.jpg\"><figure class=\"swiper-slide-inner\"><img decoding=\"async\" class=\"swiper-slide-image\" src=\"https:\/\/lardoidosodealpinopolis.org.br\/wp-content\/uploads\/2024\/07\/jcf3525.jpg\" alt=\"jcf3525\" \/><\/figure><\/a><\/div><div class=\"swiper-slide\" role=\"group\" aria-roledescription=\"slide\" aria-label=\"6 de 8\"><a data-elementor-open-lightbox=\"yes\" data-elementor-lightbox-slideshow=\"2b5f727\" data-elementor-lightbox-title=\"jcf3524\" data-e-action-hash=\"#elementor-action%3Aaction%3Dlightbox%26settings%3DeyJpZCI6MTE2NywidXJsIjoiaHR0cHM6XC9cL2xhcmRvaWRvc29kZWFscGlub3BvbGlzLm9yZy5iclwvd3AtY29udGVudFwvdXBsb2Fkc1wvMjAyNFwvMDdcL2pjZjM1MjQuanBnIiwic2xpZGVzaG93IjoiMmI1ZjcyNyJ9\" href=\"https:\/\/lardoidosodealpinopolis.org.br\/wp-content\/uploads\/2024\/07\/jcf3524.jpg\"><figure class=\"swiper-slide-inner\"><img decoding=\"async\" class=\"swiper-slide-image\" src=\"https:\/\/lardoidosodealpinopolis.org.br\/wp-content\/uploads\/2024\/07\/jcf3524.jpg\" alt=\"jcf3524\" \/><\/figure><\/a><\/div><div class=\"swiper-slide\" role=\"group\" aria-roledescription=\"slide\" aria-label=\"7 de 8\"><a data-elementor-open-lightbox=\"yes\" data-elementor-lightbox-slideshow=\"2b5f727\" data-elementor-lightbox-title=\"jcf3521\" data-e-action-hash=\"#elementor-action%3Aaction%3Dlightbox%26settings%3DeyJpZCI6MTE2NiwidXJsIjoiaHR0cHM6XC9cL2xhcmRvaWRvc29kZWFscGlub3BvbGlzLm9yZy5iclwvd3AtY29udGVudFwvdXBsb2Fkc1wvMjAyNFwvMDdcL2pjZjM1MjEuanBnIiwic2xpZGVzaG93IjoiMmI1ZjcyNyJ9\" href=\"https:\/\/lardoidosodealpinopolis.org.br\/wp-content\/uploads\/2024\/07\/jcf3521.jpg\"><figure class=\"swiper-slide-inner\"><img decoding=\"async\" class=\"swiper-slide-image\" src=\"https:\/\/lardoidosodealpinopolis.org.br\/wp-content\/uploads\/2024\/07\/jcf3521.jpg\" alt=\"jcf3521\" \/><\/figure><\/a><\/div><div class=\"swiper-slide\" role=\"group\" aria-roledescription=\"slide\" aria-label=\"8 de 8\"><a data-elementor-open-lightbox=\"yes\" data-elementor-lightbox-slideshow=\"2b5f727\" data-elementor-lightbox-title=\"jcf3518\" data-e-action-hash=\"#elementor-action%3Aaction%3Dlightbox%26settings%3DeyJpZCI6MTE2NSwidXJsIjoiaHR0cHM6XC9cL2xhcmRvaWRvc29kZWFscGlub3BvbGlzLm9yZy5iclwvd3AtY29udGVudFwvdXBsb2Fkc1wvMjAyNFwvMDdcL2pjZjM1MTguanBnIiwic2xpZGVzaG93IjoiMmI1ZjcyNyJ9\" href=\"https:\/\/lardoidosodealpinopolis.org.br\/wp-content\/uploads\/2024\/07\/jcf3518.jpg\"><figure class=\"swiper-slide-inner\"><img decoding=\"async\" class=\"swiper-slide-image\" src=\"https:\/\/lardoidosodealpinopolis.org.br\/wp-content\/uploads\/2024\/07\/jcf3518.jpg\" alt=\"jcf3518\" \/><\/figure><\/a><\/div>\t\t\t<\/div>\n\t\t\t\t\t\t\t\t\t\t\t\t<div class=\"elementor-swiper-button elementor-swiper-button-prev\" role=\"button\" tabindex=\"0\">\n\t\t\t\t\t\t<svg aria-hidden=\"true\" class=\"e-font-icon-svg e-eicon-chevron-left\" viewBox=\"0 0 1000 1000\" xmlns=\"http:\/\/www.w3.org\/2000\/svg\"><path d=\"M646 125C629 125 613 133 604 142L308 442C296 454 292 471 292 487 292 504 296 521 308 533L604 854C617 867 629 875 646 875 663 875 679 871 692 858 704 846 713 829 713 812 713 796 708 779 692 767L438 487 692 225C700 217 708 204 708 187 708 171 704 154 692 142 675 129 663 125 646 125Z\"><\/path><\/svg>\t\t\t\t\t<\/div>\n\t\t\t\t\t<div class=\"elementor-swiper-button elementor-swiper-button-next\" role=\"button\" tabindex=\"0\">\n\t\t\t\t\t\t<svg aria-hidden=\"true\" class=\"e-font-icon-svg e-eicon-chevron-right\" viewBox=\"0 0 1000 1000\" xmlns=\"http:\/\/www.w3.org\/2000\/svg\"><path d=\"M696 533C708 521 713 504 713 487 713 471 708 454 696 446L400 146C388 133 375 125 354 125 338 125 325 129 313 142 300 154 292 171 292 187 292 204 296 221 308 233L563 492 304 771C292 783 288 800 288 817 288 833 296 850 308 863 321 871 338 875 354 875 371 875 388 867 400 854L696 533Z\"><\/path><\/svg>\t\t\t\t\t<\/div>\n\t\t\t\t\n\t\t\t\t\t\t\t\t\t<\/div>\n\t\t\t\t<\/div>\n\t\t\t\t<\/div>\n\t\t\t\t<\/div>\n\t\t\t\t\t<\/div>\n\t\t\t\t<\/div>\n\t\t<div class=\"elementor-element elementor-element-ee05505 e-flex e-con-boxed e-con e-parent\" data-id=\"ee05505\" data-element_type=\"container\" data-settings=\"{&quot;background_background&quot;:&quot;classic&quot;}\">\n\t\t\t\t\t<div class=\"e-con-inner\">\n\t\t\t\t<div class=\"elementor-element elementor-element-78629d4 elementor-widget elementor-widget-text-editor\" data-id=\"78629d4\" data-element_type=\"widget\" data-widget_type=\"text-editor.default\">\n\t\t\t\t<div class=\"elementor-widget-container\">\n\t\t\t\t\t\t\t<p><strong>CONHE\u00c7A A CASA DE REPOUSO PESSOALMENTE<\/strong><\/p><p>N\u00f3s fazemos quest\u00e3o que voc\u00ea traga toda a sua fam\u00edlia para conhecer nossa casa de repouso, estaremos de bra\u00e7os abertos para receb\u00ea-los.<br \/>Todos os dias, das 09:00 \u00e0s 10:00hs e das 14:00 \u00e0s 16:00hs.\u00a0<\/p>\t\t\t\t\t\t<\/div>\n\t\t\t\t<\/div>\n\t\t\t\t\t<\/div>\n\t\t\t\t<\/div>\n\t\t\t\t<section class=\"elementor-section elementor-top-section elementor-element elementor-element-0983a6e elementor-section-boxed elementor-section-height-default elementor-section-height-default\" data-id=\"0983a6e\" data-element_type=\"section\" data-settings=\"{&quot;background_background&quot;:&quot;classic&quot;}\">\n\t\t\t\t\t\t<div class=\"elementor-container elementor-column-gap-default\">\n\t\t\t\t\t<div class=\"elementor-column elementor-col-100 elementor-top-column elementor-element elementor-element-ad253c9\" data-id=\"ad253c9\" data-element_type=\"column\">\n\t\t\t<div class=\"elementor-widget-wrap elementor-element-populated\">\n\t\t\t\t\t\t<div class=\"elementor-element elementor-element-c84454d elementor-widget elementor-widget-news-section\" data-id=\"c84454d\" data-element_type=\"widget\" data-widget_type=\"news-section.default\">\n\t\t\t\t<div class=\"elementor-widget-container\">\n\t\t\t\t\t\t<div class=\"section-full  p-t80 blog-post-outer-3 \">\n\t\t\t\t<div class=\"container\">\n\t\t\t\t\t\t\t\t\t\t\n\t\t\t\t\t<!-- BLOG SECTION START -->\n\t\t\t\t\t<div class=\"section-content\">\n\t\t\t\t\t\t<div class=\"row d-flex justify-content-center\">\n\t\t\t\t\t\t\t\t\t\t\t\t\t\t\t<div class=\"col-lg-4 col-md-6 col-sm-12\">\n\t\t\t\t\t\t\t\t\t<!--Block one-->\n\t\t\t\t\t\t\t\t\t<div class=\"blog-post industroz-blog-grid style1 date-style-2\">\n\t\t\t\t\t\t\t\t\t\t<div class=\"wt-post-media wt-img-effect zoom-slow\">\n\t\t\t\t\t\t\t\t\t\t\t<a href=\"https:\/\/lardoidosodealpinopolis.org.br\/index.php\/2024\/12\/21\/novena-de-natal\/\">\n\t\t\t\t\t\t\t\t\t\t\t\t<img fetchpriority=\"high\" decoding=\"async\" width=\"1152\" height=\"1440\" src=\"https:\/\/lardoidosodealpinopolis.org.br\/wp-content\/uploads\/2024\/12\/469729164_890899109826531_2752348480637645255_n.jpg\" class=\"attachment-full size-full wp-post-image\" alt=\"\" srcset=\"https:\/\/lardoidosodealpinopolis.org.br\/wp-content\/uploads\/2024\/12\/469729164_890899109826531_2752348480637645255_n.jpg 1152w, https:\/\/lardoidosodealpinopolis.org.br\/wp-content\/uploads\/2024\/12\/469729164_890899109826531_2752348480637645255_n-240x300.jpg 240w, https:\/\/lardoidosodealpinopolis.org.br\/wp-content\/uploads\/2024\/12\/469729164_890899109826531_2752348480637645255_n-819x1024.jpg 819w, https:\/\/lardoidosodealpinopolis.org.br\/wp-content\/uploads\/2024\/12\/469729164_890899109826531_2752348480637645255_n-768x960.jpg 768w\" sizes=\"(max-width: 1152px) 100vw, 1152px\" \/>\t\t\t\t\t\t\t\t\t\t\t<\/a>\n\t\t\t\t\t\t\t\t\t\t<\/div>\n\t\t\t\t\t\t\t\t\t\t<div class=\"wt-post-info p-t30\">\n\t\t\t\t\t\t\t\t\t\t\t<div class=\"wt-post-meta \">\n\t\t\t\t\t\t\t\t\t\t\t\t<ul>\n\t\t\t\t\t\t\t\t\t\t\t\t\t\t\t\t\t\t\t\t\t\t\t\t\t\t\t\t<li class=\"post-category\"><a href=\"https:\/\/lardoidosodealpinopolis.org.br\/index.php\/category\/aconteceu\/\"><span>Aconteceu<\/span><\/a> <\/li>\n\t\t\t\t\t\t\t\t\t\t\t\t\t\t\t\t\t\t\t\t\t\t\t\t\t\t\t\t<li class=\"post-date\">12\/21\/2024<\/li>\n\t\t\t\t\t\t\t\t\t\t\t\t\t<li class=\"post-comment\">0 Comments<\/li>\n\t\t\t\t\t\t\t\t\t\t\t\t<\/ul>\n\t\t\t\t\t\t\t\t\t\t\t<\/div>                                 \n\t\t\t\t\t\t\t\t\t\t\t<div class=\"wt-post-title \">\n\t\t\t\t\t\t\t\t\t\t\t\t<h4 class=\"post-title\"><a href=\"https:\/\/lardoidosodealpinopolis.org.br\/index.php\/2024\/12\/21\/novena-de-natal\/\">Novena de Natal<\/a><\/h4>\n\t\t\t\t\t\t\t\t\t\t\t\t<p>\u2728 Gratid\u00e3o pela Novena de Natal no Lar dos Idosos de Alpin\u00f3polis \u2728 Com o cora\u00e7\u00e3o cheio de alegria, agradecemos a todos que participaram da Novena de Natal aqui no Lar dos Idosos. Foram dias de ora\u00e7\u00e3o, comunh\u00e3o e reflex\u00f5es que nos aproximaram ainda mais do verdadeiro sentido do Natal. Cada gesto de carinho, cada [&hellip;]<\/p>\n\t\t\t\t\t\t\t\t\t\t\t<\/div>\n\t\t\t\t\t\t\t\t\t\t\t<div class=\"wt-post-readmore \">\n\t\t\t\t\t\t\t\t\t\t\t\t<a href=\"https:\/\/lardoidosodealpinopolis.org.br\/index.php\/2024\/12\/21\/novena-de-natal\/\" class=\"site-button-link black\">Read More<\/a>\n\t\t\t\t\t\t\t\t\t\t\t<\/div>                                        \n\t\t\t\t\t\t\t\t\t\t<\/div>                                \n\t\t\t\t\t\t\t\t\t<\/div>\n\t\t\t\t\t\t\t\t<\/div>\n\t\t\t\t\t\t\t\t\t\t\t\t\t\t\t\t<div class=\"col-lg-4 col-md-6 col-sm-12\">\n\t\t\t\t\t\t\t\t\t<!--Block one-->\n\t\t\t\t\t\t\t\t\t<div class=\"blog-post industroz-blog-grid style1 date-style-2\">\n\t\t\t\t\t\t\t\t\t\t<div class=\"wt-post-media wt-img-effect zoom-slow\">\n\t\t\t\t\t\t\t\t\t\t\t<a href=\"https:\/\/lardoidosodealpinopolis.org.br\/index.php\/2024\/12\/21\/oscarina-a-nossa-maravilhosa-esta-completando-94-anos\/\">\n\t\t\t\t\t\t\t\t\t\t\t\t<img decoding=\"async\" width=\"1440\" height=\"1800\" src=\"https:\/\/lardoidosodealpinopolis.org.br\/wp-content\/uploads\/2024\/12\/462832734_428127899942124_213139573779917620_n.jpg\" class=\"attachment-full size-full wp-post-image\" alt=\"\" srcset=\"https:\/\/lardoidosodealpinopolis.org.br\/wp-content\/uploads\/2024\/12\/462832734_428127899942124_213139573779917620_n.jpg 1440w, https:\/\/lardoidosodealpinopolis.org.br\/wp-content\/uploads\/2024\/12\/462832734_428127899942124_213139573779917620_n-240x300.jpg 240w, https:\/\/lardoidosodealpinopolis.org.br\/wp-content\/uploads\/2024\/12\/462832734_428127899942124_213139573779917620_n-819x1024.jpg 819w, https:\/\/lardoidosodealpinopolis.org.br\/wp-content\/uploads\/2024\/12\/462832734_428127899942124_213139573779917620_n-768x960.jpg 768w, https:\/\/lardoidosodealpinopolis.org.br\/wp-content\/uploads\/2024\/12\/462832734_428127899942124_213139573779917620_n-1229x1536.jpg 1229w, https:\/\/lardoidosodealpinopolis.org.br\/wp-content\/uploads\/2024\/12\/462832734_428127899942124_213139573779917620_n-1200x1500.jpg 1200w\" sizes=\"(max-width: 1440px) 100vw, 1440px\" \/>\t\t\t\t\t\t\t\t\t\t\t<\/a>\n\t\t\t\t\t\t\t\t\t\t<\/div>\n\t\t\t\t\t\t\t\t\t\t<div class=\"wt-post-info p-t30\">\n\t\t\t\t\t\t\t\t\t\t\t<div class=\"wt-post-meta \">\n\t\t\t\t\t\t\t\t\t\t\t\t<ul>\n\t\t\t\t\t\t\t\t\t\t\t\t\t\t\t\t\t\t\t\t\t\t\t\t\t\t\t\t<li class=\"post-category\"><a href=\"https:\/\/lardoidosodealpinopolis.org.br\/index.php\/category\/aconteceu\/\"><span>Aconteceu<\/span><\/a> <\/li>\n\t\t\t\t\t\t\t\t\t\t\t\t\t\t\t\t\t\t\t\t\t\t\t\t\t\t\t\t<li class=\"post-date\">12\/21\/2024<\/li>\n\t\t\t\t\t\t\t\t\t\t\t\t\t<li class=\"post-comment\">0 Comments<\/li>\n\t\t\t\t\t\t\t\t\t\t\t\t<\/ul>\n\t\t\t\t\t\t\t\t\t\t\t<\/div>                                 \n\t\t\t\t\t\t\t\t\t\t\t<div class=\"wt-post-title \">\n\t\t\t\t\t\t\t\t\t\t\t\t<h4 class=\"post-title\"><a href=\"https:\/\/lardoidosodealpinopolis.org.br\/index.php\/2024\/12\/21\/oscarina-a-nossa-maravilhosa-esta-completando-94-anos\/\">Oscarina, a nossa maravilhosa, est\u00e1 compl<\/a><\/h4>\n\t\t\t\t\t\t\t\t\t\t\t\t<p>\ud83c\udf89\u2728 Hoje \u00e9 um dia especial! Oscarina, a nossa maravilhosa, est\u00e1 completando 94 anos! \ud83c\udf82\ud83d\udc96 Ela ilumina cada canto do lar com seu sorriso e sua alegria de viver. \ud83e\udd70 Conhecida por todos pelo seu carinho e pela forma como acolhe cada pessoa com um olhar cheio de amor e sabedoria. \ud83c\udf38 S\u00e3o 94 anos [&hellip;]<\/p>\n\t\t\t\t\t\t\t\t\t\t\t<\/div>\n\t\t\t\t\t\t\t\t\t\t\t<div class=\"wt-post-readmore \">\n\t\t\t\t\t\t\t\t\t\t\t\t<a href=\"https:\/\/lardoidosodealpinopolis.org.br\/index.php\/2024\/12\/21\/oscarina-a-nossa-maravilhosa-esta-completando-94-anos\/\" class=\"site-button-link black\">Read More<\/a>\n\t\t\t\t\t\t\t\t\t\t\t<\/div>                                        \n\t\t\t\t\t\t\t\t\t\t<\/div>                                \n\t\t\t\t\t\t\t\t\t<\/div>\n\t\t\t\t\t\t\t\t<\/div>\n\t\t\t\t\t\t\t\t\t\t\t\t\t\t\t\t<div class=\"col-lg-4 col-md-6 col-sm-12\">\n\t\t\t\t\t\t\t\t\t<!--Block one-->\n\t\t\t\t\t\t\t\t\t<div class=\"blog-post industroz-blog-grid style1 date-style-2\">\n\t\t\t\t\t\t\t\t\t\t<div class=\"wt-post-media wt-img-effect zoom-slow\">\n\t\t\t\t\t\t\t\t\t\t\t<a href=\"https:\/\/lardoidosodealpinopolis.org.br\/index.php\/2024\/07\/07\/visita-de-nosso-prefeito\/\">\n\t\t\t\t\t\t\t\t\t\t\t\t<img decoding=\"async\" width=\"1440\" height=\"1800\" src=\"https:\/\/lardoidosodealpinopolis.org.br\/wp-content\/uploads\/2024\/11\/464284142_18466512694048411_1328107649924276182_n.jpg\" class=\"attachment-full size-full wp-post-image\" alt=\"\" srcset=\"https:\/\/lardoidosodealpinopolis.org.br\/wp-content\/uploads\/2024\/11\/464284142_18466512694048411_1328107649924276182_n.jpg 1440w, https:\/\/lardoidosodealpinopolis.org.br\/wp-content\/uploads\/2024\/11\/464284142_18466512694048411_1328107649924276182_n-240x300.jpg 240w, https:\/\/lardoidosodealpinopolis.org.br\/wp-content\/uploads\/2024\/11\/464284142_18466512694048411_1328107649924276182_n-819x1024.jpg 819w, https:\/\/lardoidosodealpinopolis.org.br\/wp-content\/uploads\/2024\/11\/464284142_18466512694048411_1328107649924276182_n-768x960.jpg 768w, https:\/\/lardoidosodealpinopolis.org.br\/wp-content\/uploads\/2024\/11\/464284142_18466512694048411_1328107649924276182_n-1229x1536.jpg 1229w, https:\/\/lardoidosodealpinopolis.org.br\/wp-content\/uploads\/2024\/11\/464284142_18466512694048411_1328107649924276182_n-1200x1500.jpg 1200w\" sizes=\"(max-width: 1440px) 100vw, 1440px\" \/>\t\t\t\t\t\t\t\t\t\t\t<\/a>\n\t\t\t\t\t\t\t\t\t\t<\/div>\n\t\t\t\t\t\t\t\t\t\t<div class=\"wt-post-info p-t30\">\n\t\t\t\t\t\t\t\t\t\t\t<div class=\"wt-post-meta \">\n\t\t\t\t\t\t\t\t\t\t\t\t<ul>\n\t\t\t\t\t\t\t\t\t\t\t\t\t\t\t\t\t\t\t\t\t\t\t\t\t\t\t\t<li class=\"post-category\"><a href=\"https:\/\/lardoidosodealpinopolis.org.br\/index.php\/category\/aconteceu\/\"><span>Aconteceu<\/span><\/a> <\/li>\n\t\t\t\t\t\t\t\t\t\t\t\t\t\t\t\t\t\t\t\t\t\t\t\t\t\t\t\t<li class=\"post-date\">07\/07\/2024<\/li>\n\t\t\t\t\t\t\t\t\t\t\t\t\t<li class=\"post-comment\">0 Comments<\/li>\n\t\t\t\t\t\t\t\t\t\t\t\t<\/ul>\n\t\t\t\t\t\t\t\t\t\t\t<\/div>                                 \n\t\t\t\t\t\t\t\t\t\t\t<div class=\"wt-post-title \">\n\t\t\t\t\t\t\t\t\t\t\t\t<h4 class=\"post-title\"><a href=\"https:\/\/lardoidosodealpinopolis.org.br\/index.php\/2024\/07\/07\/visita-de-nosso-prefeito\/\">Visita de Nosso Prefeito<\/a><\/h4>\n\t\t\t\t\t\t\t\t\t\t\t\t<p>Recebi a visita da dona Leo, moradora do Lar do Idoso de Alpin\u00f3polis e dos colaboradores do Lar, Dami\u00e3o e Ang\u00e9lica, que prestam um relevante trabalho cuidando com amor dos idosos. Vieram trazer uma lembran\u00e7a e o agradecimento pela parceria que tivemos nestes 4 anos de gest\u00e3o, sendo a primeira vez que a prefeitura repassou [&hellip;]<\/p>\n\t\t\t\t\t\t\t\t\t\t\t<\/div>\n\t\t\t\t\t\t\t\t\t\t\t<div class=\"wt-post-readmore \">\n\t\t\t\t\t\t\t\t\t\t\t\t<a href=\"https:\/\/lardoidosodealpinopolis.org.br\/index.php\/2024\/07\/07\/visita-de-nosso-prefeito\/\" class=\"site-button-link black\">Read More<\/a>\n\t\t\t\t\t\t\t\t\t\t\t<\/div>                                        \n\t\t\t\t\t\t\t\t\t\t<\/div>                                \n\t\t\t\t\t\t\t\t\t<\/div>\n\t\t\t\t\t\t\t\t<\/div>\n\t\t\t\t\t\t\t\t\t\t\t\t\t\t<\/div>\n\t\t\t\t\t\t\t\t\t\t\t<\/div>\n\t\t\t\t<\/div>\n\t\t\t<\/div>\n\t\t\t\t\t<\/div>\n\t\t\t\t<\/div>\n\t\t\t\t\t<\/div>\n\t\t<\/div>\n\t\t\t\t\t<\/div>\n\t\t<\/section>\n\t\t\t\t<\/div>\n\t\t","protected":false},"excerpt":{"rendered":"<p>Quem Somos O Lar do Idoso C\u00f4nego Ubirajara Cabral, tamb\u00e9m conhecido como Lar do Idoso de Alpin\u00f3polis (LIA), \u00e9 uma institui\u00e7\u00e3o filantr\u00f3pica sem fins lucrativos dedicada ao acolhimento e cuidado de idosos em situa\u00e7\u00e3o de vulnerabilidade. Fundada em 20 de julho de 1957, nossa miss\u00e3o \u00e9 proporcionar um ambiente acolhedor, seguro e digno, promovendo o [&hellip;]<\/p>\n","protected":false},"author":2,"featured_media":0,"parent":0,"menu_order":0,"comment_status":"closed","ping_status":"closed","template":"","meta":{"_acf_changed":false,"footnotes":""},"class_list":["post-705","page","type-page","status-publish","hentry"],"acf":[],"_links":{"self":[{"href":"https:\/\/lardoidosodealpinopolis.org.br\/index.php\/wp-json\/wp\/v2\/pages\/705","targetHints":{"allow":["GET"]}}],"collection":[{"href":"https:\/\/lardoidosodealpinopolis.org.br\/index.php\/wp-json\/wp\/v2\/pages"}],"about":[{"href":"https:\/\/lardoidosodealpinopolis.org.br\/index.php\/wp-json\/wp\/v2\/types\/page"}],"author":[{"embeddable":true,"href":"https:\/\/lardoidosodealpinopolis.org.br\/index.php\/wp-json\/wp\/v2\/users\/2"}],"replies":[{"embeddable":true,"href":"https:\/\/lardoidosodealpinopolis.org.br\/index.php\/wp-json\/wp\/v2\/comments?post=705"}],"version-history":[{"count":94,"href":"https:\/\/lardoidosodealpinopolis.org.br\/index.php\/wp-json\/wp\/v2\/pages\/705\/revisions"}],"predecessor-version":[{"id":1353,"href":"https:\/\/lardoidosodealpinopolis.org.br\/index.php\/wp-json\/wp\/v2\/pages\/705\/revisions\/1353"}],"wp:attachment":[{"href":"https:\/\/lardoidosodealpinopolis.org.br\/index.php\/wp-json\/wp\/v2\/media?parent=705"}],"curies":[{"name":"wp","href":"https:\/\/api.w.org\/{rel}","templated":true}]}}